{"id":5,"date":"2025-03-16T20:53:29","date_gmt":"2025-03-16T19:53:29","guid":{"rendered":"http:\/\/san-peire-issambres.fr\/?page_id=5"},"modified":"2025-06-07T15:33:39","modified_gmt":"2025-06-07T13:33:39","slug":"accueil","status":"publish","type":"page","link":"https:\/\/san-peire-issambres.fr\/","title":{"rendered":"Accueil"},"content":{"rendered":"\n<div style=\"height:20px\" aria-hidden=\"true\" class=\"wp-block-spacer\"><\/div>\n\n\n\n<p class=\"has-text-align-center has-medium-font-size\"><em><mark style=\"background-color:rgba(0, 0, 0, 0)\" class=\"has-inline-color has-primary-color\"><\/mark><\/em>Appartement de 59m\u00b2, Terrasse de 17m\u00b2&#8230;<\/p>\n\n\n\n<p class=\"has-text-align-center has-medium-font-size\">&#8230; <em>le luxe c&#8217;est l&#8217;espace<\/em><\/p>\n\n\n\n\n\n\n\n\n<div class=\"wp-block-image\">\n<figure class=\"aligncenter size-large\"><img loading=\"lazy\" decoding=\"async\" width=\"1024\" height=\"576\" src=\"http:\/\/san-peire-issambres.fr\/wp-content\/uploads\/2025\/06\/20250421_1429022-1024x576.jpg\" alt=\"\" class=\"wp-image-111\" srcset=\"https:\/\/san-peire-issambres.fr\/wp-content\/uploads\/2025\/06\/20250421_1429022-1024x576.jpg 1024w, https:\/\/san-peire-issambres.fr\/wp-content\/uploads\/2025\/06\/20250421_1429022-300x170.jpg 300w, https:\/\/san-peire-issambres.fr\/wp-content\/uploads\/2025\/06\/20250421_1429022-768x432.jpg 768w, https:\/\/san-peire-issambres.fr\/wp-content\/uploads\/2025\/06\/20250421_1429022-1536x864.jpg 1536w, https:\/\/san-peire-issambres.fr\/wp-content\/uploads\/2025\/06\/20250421_1429022-2048x1152.jpg 2048w, https:\/\/san-peire-issambres.fr\/wp-content\/uploads\/2025\/06\/20250421_1429022-107x60.jpg 107w\" sizes=\"auto, (max-width: 1024px) 100vw, 1024px\" \/><\/figure>\n<\/div>\n\n\n<div style=\"height:60px\" aria-hidden=\"true\" class=\"wp-block-spacer\"><\/div>\n\n\n\n<p class=\"has-text-align-center has-small-font-size\">Venez profiter d&#8217;une vue mer panoramique imprenable dans notre spacieux T3 de 59m\u00b2. Au c\u0153ur des Issambres, expos\u00e9 plein sud, face au Golfe de Saint-Tropez, cet appartement sera id\u00e9al pour profiter du soleil et du bord de mer \u00e0 100m de la plage !<\/p>\n\n\n\n\n","protected":false},"excerpt":{"rendered":"<p>Appartement de 59m\u00b2, Terrasse de 17m\u00b2&#8230; &#8230; le luxe c&#8217;est l&#8217;espace Venez profiter d&#8217;une vue mer panoramique imprenable dans notre spacieux T3 de 59m\u00b2. Au c\u0153ur des Issambres, expos\u00e9 plein sud, face au Golfe de Saint-Tropez, cet appartement sera id\u00e9al pour profiter du soleil et &hellip; <\/p>\n","protected":false},"author":1,"featured_media":0,"parent":0,"menu_order":0,"comment_status":"closed","ping_status":"closed","template":"","meta":{"footnotes":""},"class_list":["post-5","page","type-page","status-publish","hentry"],"_links":{"self":[{"href":"https:\/\/san-peire-issambres.fr\/index.php?rest_route=\/wp\/v2\/pages\/5","targetHints":{"allow":["GET"]}}],"collection":[{"href":"https:\/\/san-peire-issambres.fr\/index.php?rest_route=\/wp\/v2\/pages"}],"about":[{"href":"https:\/\/san-peire-issambres.fr\/index.php?rest_route=\/wp\/v2\/types\/page"}],"author":[{"embeddable":true,"href":"https:\/\/san-peire-issambres.fr\/index.php?rest_route=\/wp\/v2\/users\/1"}],"replies":[{"embeddable":true,"href":"https:\/\/san-peire-issambres.fr\/index.php?rest_route=%2Fwp%2Fv2%2Fcomments&post=5"}],"version-history":[{"count":3,"href":"https:\/\/san-peire-issambres.fr\/index.php?rest_route=\/wp\/v2\/pages\/5\/revisions"}],"predecessor-version":[{"id":140,"href":"https:\/\/san-peire-issambres.fr\/index.php?rest_route=\/wp\/v2\/pages\/5\/revisions\/140"}],"wp:attachment":[{"href":"https:\/\/san-peire-issambres.fr\/index.php?rest_route=%2Fwp%2Fv2%2Fmedia&parent=5"}],"curies":[{"name":"wp","href":"https:\/\/api.w.org\/{rel}","templated":true}]}}