{"id":59,"date":"2025-04-07T21:32:25","date_gmt":"2025-04-07T19:32:25","guid":{"rendered":"https:\/\/san-peire-issambres.fr\/?page_id=59"},"modified":"2025-06-07T15:30:44","modified_gmt":"2025-06-07T13:30:44","slug":"lappartement","status":"publish","type":"page","link":"https:\/\/san-peire-issambres.fr\/?page_id=59","title":{"rendered":"L&#8217;appartement"},"content":{"rendered":"\n\n\n<hr>\n\n\n\n\n\n\n\n<p class=\"has-text-align-center has-medium-font-size\" id=\"Balcon\"><strong>Grand<\/strong>e <strong>Terrasse avec vue panoramique sur la mer<\/strong><\/p>\n\n\n<div class=\"wp-block-image\">\n<figure class=\"aligncenter size-large\"><img loading=\"lazy\" decoding=\"async\" width=\"747\" height=\"1024\" src=\"http:\/\/san-peire-issambres.fr\/wp-content\/uploads\/2025\/06\/Accroche-8-747x1024.jpg\" alt=\"\" class=\"wp-image-108\" srcset=\"https:\/\/san-peire-issambres.fr\/wp-content\/uploads\/2025\/06\/Accroche-8-747x1024.jpg 747w, https:\/\/san-peire-issambres.fr\/wp-content\/uploads\/2025\/06\/Accroche-8-219x300.jpg 219w, https:\/\/san-peire-issambres.fr\/wp-content\/uploads\/2025\/06\/Accroche-8-768x1052.jpg 768w, https:\/\/san-peire-issambres.fr\/wp-content\/uploads\/2025\/06\/Accroche-8-1121x1536.jpg 1121w, https:\/\/san-peire-issambres.fr\/wp-content\/uploads\/2025\/06\/Accroche-8-1495x2048.jpg 1495w, https:\/\/san-peire-issambres.fr\/wp-content\/uploads\/2025\/06\/Accroche-8-44x60.jpg 44w, https:\/\/san-peire-issambres.fr\/wp-content\/uploads\/2025\/06\/Accroche-8-scaled.jpg 1869w\" sizes=\"auto, (max-width: 747px) 100vw, 747px\" \/><figcaption class=\"wp-element-caption\">Grande terrasse de 17 m\u00b2 expos\u00e9 au Sud &#8211; Face \u00e0 l&#8217;ouvert du Golfe de Saint-Tropez<\/figcaption><\/figure>\n<\/div>\n\n<div class=\"wp-block-image\">\n<figure class=\"aligncenter size-full is-resized\"><img loading=\"lazy\" decoding=\"async\" width=\"800\" height=\"600\" src=\"http:\/\/san-peire-issambres.fr\/wp-content\/uploads\/2025\/03\/TERRASSE-VUE-MER.jpg\" alt=\"\" class=\"wp-image-26\" style=\"width:840px;height:auto\" srcset=\"https:\/\/san-peire-issambres.fr\/wp-content\/uploads\/2025\/03\/TERRASSE-VUE-MER.jpg 800w, https:\/\/san-peire-issambres.fr\/wp-content\/uploads\/2025\/03\/TERRASSE-VUE-MER-300x225.jpg 300w, https:\/\/san-peire-issambres.fr\/wp-content\/uploads\/2025\/03\/TERRASSE-VUE-MER-768x576.jpg 768w, https:\/\/san-peire-issambres.fr\/wp-content\/uploads\/2025\/03\/TERRASSE-VUE-MER-80x60.jpg 80w\" sizes=\"auto, (max-width: 800px) 100vw, 800px\" \/><\/figure>\n<\/div>\n\n\n\n\n\n\n<p class=\"has-text-align-center has-medium-font-size\" id=\"S\u00e9jour\"><strong>S\u00e9jour<\/strong><\/p>\n\n\n<div class=\"wp-block-image\">\n<figure class=\"aligncenter size-large\"><img loading=\"lazy\" decoding=\"async\" width=\"1024\" height=\"572\" src=\"http:\/\/san-peire-issambres.fr\/wp-content\/uploads\/2025\/06\/Salon-ok-1024x572.jpg\" alt=\"\" class=\"wp-image-90\" srcset=\"https:\/\/san-peire-issambres.fr\/wp-content\/uploads\/2025\/06\/Salon-ok-1024x572.jpg 1024w, https:\/\/san-peire-issambres.fr\/wp-content\/uploads\/2025\/06\/Salon-ok-300x168.jpg 300w, https:\/\/san-peire-issambres.fr\/wp-content\/uploads\/2025\/06\/Salon-ok-768x429.jpg 768w, https:\/\/san-peire-issambres.fr\/wp-content\/uploads\/2025\/06\/Salon-ok-1536x859.jpg 1536w, https:\/\/san-peire-issambres.fr\/wp-content\/uploads\/2025\/06\/Salon-ok-107x60.jpg 107w, https:\/\/san-peire-issambres.fr\/wp-content\/uploads\/2025\/06\/Salon-ok.jpg 1866w\" sizes=\"auto, (max-width: 1024px) 100vw, 1024px\" \/><figcaption class=\"wp-element-caption\">Grand S\u00e9jour climatis\u00e9<\/figcaption><\/figure>\n<\/div>\n\n<div class=\"wp-block-image\">\n<figure class=\"aligncenter size-large\"><img loading=\"lazy\" decoding=\"async\" width=\"1024\" height=\"576\" src=\"http:\/\/san-peire-issambres.fr\/wp-content\/uploads\/2025\/06\/Sejour-ok-1024x576.jpg\" alt=\"\" class=\"wp-image-86\" srcset=\"https:\/\/san-peire-issambres.fr\/wp-content\/uploads\/2025\/06\/Sejour-ok-1024x576.jpg 1024w, https:\/\/san-peire-issambres.fr\/wp-content\/uploads\/2025\/06\/Sejour-ok-300x170.jpg 300w, https:\/\/san-peire-issambres.fr\/wp-content\/uploads\/2025\/06\/Sejour-ok-768x432.jpg 768w, https:\/\/san-peire-issambres.fr\/wp-content\/uploads\/2025\/06\/Sejour-ok-1536x864.jpg 1536w, https:\/\/san-peire-issambres.fr\/wp-content\/uploads\/2025\/06\/Sejour-ok-2048x1152.jpg 2048w, https:\/\/san-peire-issambres.fr\/wp-content\/uploads\/2025\/06\/Sejour-ok-107x60.jpg 107w\" sizes=\"auto, (max-width: 1024px) 100vw, 1024px\" \/><\/figure>\n<\/div>\n\n\n<hr>\n\n\n\n<p class=\"has-text-align-center has-medium-font-size\" id=\"Cuisine\"><strong>Cuisine<\/strong><\/p>\n\n\n<div class=\"wp-block-image\">\n<figure class=\"aligncenter size-large\"><img loading=\"lazy\" decoding=\"async\" width=\"1024\" height=\"576\" src=\"http:\/\/san-peire-issambres.fr\/wp-content\/uploads\/2025\/06\/Cuisine-ok-1024x576.jpg\" alt=\"\" class=\"wp-image-102\" srcset=\"https:\/\/san-peire-issambres.fr\/wp-content\/uploads\/2025\/06\/Cuisine-ok-1024x576.jpg 1024w, https:\/\/san-peire-issambres.fr\/wp-content\/uploads\/2025\/06\/Cuisine-ok-300x170.jpg 300w, https:\/\/san-peire-issambres.fr\/wp-content\/uploads\/2025\/06\/Cuisine-ok-768x432.jpg 768w, https:\/\/san-peire-issambres.fr\/wp-content\/uploads\/2025\/06\/Cuisine-ok-1536x864.jpg 1536w, https:\/\/san-peire-issambres.fr\/wp-content\/uploads\/2025\/06\/Cuisine-ok-2048x1152.jpg 2048w, https:\/\/san-peire-issambres.fr\/wp-content\/uploads\/2025\/06\/Cuisine-ok-107x60.jpg 107w\" sizes=\"auto, (max-width: 1024px) 100vw, 1024px\" \/><figcaption class=\"wp-element-caption\">Cuisine \u00e9quip\u00e9e compl\u00e8te<\/figcaption><\/figure>\n<\/div>\n\n\n<hr>\n\n\n\n\n\n<p class=\"has-text-align-center has-medium-font-size\" id=\"Chambre1\"><strong>Chambre Parentale<\/strong><\/p>\n\n\n<div class=\"wp-block-image is-style-default\">\n<figure class=\"aligncenter size-large\"><img loading=\"lazy\" decoding=\"async\" width=\"1024\" height=\"576\" src=\"http:\/\/san-peire-issambres.fr\/wp-content\/uploads\/2025\/06\/chambre-1-oki-1024x576.jpg\" alt=\"\" class=\"wp-image-103\" srcset=\"https:\/\/san-peire-issambres.fr\/wp-content\/uploads\/2025\/06\/chambre-1-oki-1024x576.jpg 1024w, https:\/\/san-peire-issambres.fr\/wp-content\/uploads\/2025\/06\/chambre-1-oki-300x170.jpg 300w, https:\/\/san-peire-issambres.fr\/wp-content\/uploads\/2025\/06\/chambre-1-oki-768x432.jpg 768w, https:\/\/san-peire-issambres.fr\/wp-content\/uploads\/2025\/06\/chambre-1-oki-1536x864.jpg 1536w, https:\/\/san-peire-issambres.fr\/wp-content\/uploads\/2025\/06\/chambre-1-oki-107x60.jpg 107w, https:\/\/san-peire-issambres.fr\/wp-content\/uploads\/2025\/06\/chambre-1-oki.jpg 1823w\" sizes=\"auto, (max-width: 1024px) 100vw, 1024px\" \/><figcaption class=\"wp-element-caption\">Climatisation &#8211; grand placard \/ penderie &#8211; Vue mer avec acc\u00e8s direct sur la Terrasse<\/figcaption><\/figure>\n<\/div>\n\n\n\n\n\n\n<p class=\"has-text-align-center\" id=\"Chambre21\"><strong>Deuxi\u00e8me Chambre<\/strong><\/p>\n\n\n<div class=\"wp-block-image\">\n<figure class=\"aligncenter size-large\"><img loading=\"lazy\" decoding=\"async\" width=\"1024\" height=\"576\" src=\"http:\/\/san-peire-issambres.fr\/wp-content\/uploads\/2025\/06\/Chambre-2-ok-1024x576.jpg\" alt=\"\" class=\"wp-image-104\" srcset=\"https:\/\/san-peire-issambres.fr\/wp-content\/uploads\/2025\/06\/Chambre-2-ok-1024x576.jpg 1024w, https:\/\/san-peire-issambres.fr\/wp-content\/uploads\/2025\/06\/Chambre-2-ok-300x170.jpg 300w, https:\/\/san-peire-issambres.fr\/wp-content\/uploads\/2025\/06\/Chambre-2-ok-768x432.jpg 768w, https:\/\/san-peire-issambres.fr\/wp-content\/uploads\/2025\/06\/Chambre-2-ok-1536x864.jpg 1536w, https:\/\/san-peire-issambres.fr\/wp-content\/uploads\/2025\/06\/Chambre-2-ok-107x60.jpg 107w, https:\/\/san-peire-issambres.fr\/wp-content\/uploads\/2025\/06\/Chambre-2-ok.jpg 2000w\" sizes=\"auto, (max-width: 1024px) 100vw, 1024px\" \/><figcaption class=\"wp-element-caption\">4 Lits simples &#8211; grand placard\/penderie &#8211; nombreux rangements &#8211; climatisation<br><\/figcaption><\/figure>\n<\/div>\n\n\n\n\n\n\n<p class=\"has-text-align-center has-medium-font-size\" id=\"Gigogne21\"><strong>3i\u00e8me Espace Nuit<\/strong><\/p>\n\n\n<div class=\"wp-block-image\">\n<figure class=\"aligncenter size-large\"><img loading=\"lazy\" decoding=\"async\" width=\"576\" height=\"1024\" src=\"http:\/\/san-peire-issambres.fr\/wp-content\/uploads\/2025\/06\/20250421_1438301-576x1024.jpg\" alt=\"\" class=\"wp-image-117\" srcset=\"https:\/\/san-peire-issambres.fr\/wp-content\/uploads\/2025\/06\/20250421_1438301-576x1024.jpg 576w, https:\/\/san-peire-issambres.fr\/wp-content\/uploads\/2025\/06\/20250421_1438301-169x300.jpg 169w, https:\/\/san-peire-issambres.fr\/wp-content\/uploads\/2025\/06\/20250421_1438301-768x1365.jpg 768w, https:\/\/san-peire-issambres.fr\/wp-content\/uploads\/2025\/06\/20250421_1438301-864x1536.jpg 864w, https:\/\/san-peire-issambres.fr\/wp-content\/uploads\/2025\/06\/20250421_1438301-1152x2048.jpg 1152w, https:\/\/san-peire-issambres.fr\/wp-content\/uploads\/2025\/06\/20250421_1438301-34x60.jpg 34w, https:\/\/san-peire-issambres.fr\/wp-content\/uploads\/2025\/06\/20250421_1438301-scaled.jpg 1440w\" sizes=\"auto, (max-width: 576px) 100vw, 576px\" \/><figcaption class=\"wp-element-caption\">Lit Gigogne &#8211; 3 lits simples ou 1 lit double et 1 lit simple<\/figcaption><\/figure>\n<\/div>\n\n\n\n\n<p class=\"has-text-align-center\"><strong>2 Salles de bains<\/strong><\/p>\n\n\n\n\n<div class=\"wp-block-image\">\n<figure class=\"aligncenter size-large\"><img loading=\"lazy\" decoding=\"async\" width=\"576\" height=\"1024\" src=\"http:\/\/san-peire-issambres.fr\/wp-content\/uploads\/2025\/06\/SDB-1-ok-576x1024.jpeg\" alt=\"\" class=\"wp-image-89\" srcset=\"https:\/\/san-peire-issambres.fr\/wp-content\/uploads\/2025\/06\/SDB-1-ok-576x1024.jpeg 576w, https:\/\/san-peire-issambres.fr\/wp-content\/uploads\/2025\/06\/SDB-1-ok-169x300.jpeg 169w, https:\/\/san-peire-issambres.fr\/wp-content\/uploads\/2025\/06\/SDB-1-ok-768x1365.jpeg 768w, https:\/\/san-peire-issambres.fr\/wp-content\/uploads\/2025\/06\/SDB-1-ok-864x1536.jpeg 864w, https:\/\/san-peire-issambres.fr\/wp-content\/uploads\/2025\/06\/SDB-1-ok-1152x2048.jpeg 1152w, https:\/\/san-peire-issambres.fr\/wp-content\/uploads\/2025\/06\/SDB-1-ok-34x60.jpeg 34w, https:\/\/san-peire-issambres.fr\/wp-content\/uploads\/2025\/06\/SDB-1-ok-scaled.jpeg 1440w\" sizes=\"auto, (max-width: 576px) 100vw, 576px\" \/><figcaption class=\"wp-element-caption\">1i\u00e8re salle de bain<\/figcaption><\/figure>\n<\/div>\n\n\n<p class=\"has-text-align-center has-medium-font-size\"><\/p>\n\n\n<div class=\"wp-block-image\">\n<figure class=\"aligncenter size-large\"><img loading=\"lazy\" decoding=\"async\" width=\"576\" height=\"1024\" src=\"http:\/\/san-peire-issambres.fr\/wp-content\/uploads\/2025\/06\/SDB-2-ok-2-576x1024.jpg\" alt=\"\" class=\"wp-image-88\" srcset=\"https:\/\/san-peire-issambres.fr\/wp-content\/uploads\/2025\/06\/SDB-2-ok-2-576x1024.jpg 576w, https:\/\/san-peire-issambres.fr\/wp-content\/uploads\/2025\/06\/SDB-2-ok-2-169x300.jpg 169w, https:\/\/san-peire-issambres.fr\/wp-content\/uploads\/2025\/06\/SDB-2-ok-2-768x1365.jpg 768w, https:\/\/san-peire-issambres.fr\/wp-content\/uploads\/2025\/06\/SDB-2-ok-2-864x1536.jpg 864w, https:\/\/san-peire-issambres.fr\/wp-content\/uploads\/2025\/06\/SDB-2-ok-2-1152x2048.jpg 1152w, https:\/\/san-peire-issambres.fr\/wp-content\/uploads\/2025\/06\/SDB-2-ok-2-34x60.jpg 34w, https:\/\/san-peire-issambres.fr\/wp-content\/uploads\/2025\/06\/SDB-2-ok-2-scaled.jpg 1440w\" sizes=\"auto, (max-width: 576px) 100vw, 576px\" \/><figcaption class=\"wp-element-caption\">Deuxi\u00e8me salle d&#8217;eau avec douche et toilettes<\/figcaption><\/figure>\n<\/div>\n\n\n\n\n<p class=\"has-text-align-center has-medium-font-size\"><strong>Second WC<\/strong><\/p>\n\n\n<div class=\"wp-block-image\">\n<figure class=\"aligncenter size-large\"><img loading=\"lazy\" decoding=\"async\" width=\"576\" height=\"1024\" src=\"http:\/\/san-peire-issambres.fr\/wp-content\/uploads\/2025\/06\/WC-ok-576x1024.jpg\" alt=\"\" class=\"wp-image-78\" srcset=\"https:\/\/san-peire-issambres.fr\/wp-content\/uploads\/2025\/06\/WC-ok-576x1024.jpg 576w, https:\/\/san-peire-issambres.fr\/wp-content\/uploads\/2025\/06\/WC-ok-169x300.jpg 169w, https:\/\/san-peire-issambres.fr\/wp-content\/uploads\/2025\/06\/WC-ok-768x1365.jpg 768w, https:\/\/san-peire-issambres.fr\/wp-content\/uploads\/2025\/06\/WC-ok-864x1536.jpg 864w, https:\/\/san-peire-issambres.fr\/wp-content\/uploads\/2025\/06\/WC-ok-1152x2048.jpg 1152w, https:\/\/san-peire-issambres.fr\/wp-content\/uploads\/2025\/06\/WC-ok-34x60.jpg 34w, https:\/\/san-peire-issambres.fr\/wp-content\/uploads\/2025\/06\/WC-ok-scaled.jpg 1440w\" sizes=\"auto, (max-width: 576px) 100vw, 576px\" \/><figcaption class=\"wp-element-caption\">Deuxi\u00e8me WC ind\u00e9pendant<\/figcaption><\/figure>\n<\/div>\n\n\n\n\n<p class=\"has-text-align-center has-medium-font-size\"><strong>Un cadre reposant<\/strong><\/p>\n\n\n<div class=\"wp-block-image\">\n<figure class=\"aligncenter size-large\"><img loading=\"lazy\" decoding=\"async\" width=\"1024\" height=\"576\" src=\"http:\/\/san-peire-issambres.fr\/wp-content\/uploads\/2025\/06\/Vue-Generale-Ok-1024x576.jpg\" alt=\"\" class=\"wp-image-77\" srcset=\"https:\/\/san-peire-issambres.fr\/wp-content\/uploads\/2025\/06\/Vue-Generale-Ok-1024x576.jpg 1024w, https:\/\/san-peire-issambres.fr\/wp-content\/uploads\/2025\/06\/Vue-Generale-Ok-300x170.jpg 300w, https:\/\/san-peire-issambres.fr\/wp-content\/uploads\/2025\/06\/Vue-Generale-Ok-768x432.jpg 768w, https:\/\/san-peire-issambres.fr\/wp-content\/uploads\/2025\/06\/Vue-Generale-Ok-1536x864.jpg 1536w, https:\/\/san-peire-issambres.fr\/wp-content\/uploads\/2025\/06\/Vue-Generale-Ok-107x60.jpg 107w, https:\/\/san-peire-issambres.fr\/wp-content\/uploads\/2025\/06\/Vue-Generale-Ok.jpg 1862w\" sizes=\"auto, (max-width: 1024px) 100vw, 1024px\" \/><figcaption class=\"wp-element-caption\">Vue sur le parc et sa v\u00e9g\u00e9tation m\u00e9diterran\u00e9enne<\/figcaption><\/figure>\n<\/div>\n\n\n\n\n\n\n\n\n\n\n<p class=\"has-text-align-center has-medium-font-size\" id=\"Plan\"><strong>Plan<\/strong><\/p>\n\n\n\n<hr>\n\n\n\n\n\n<p class=\"has-text-align-center has-medium-font-size\" id=\"Garage\"><strong>Garage et parking<\/strong><\/p>\n\n\n\n<p class=\"has-text-align-center\">Une place en ext\u00e9rieur et une place en sous-sol (Hauteur maxi 2,00m)<\/p>\n\n\n\n<hr>\n\n\n\n\n\n<p class=\"has-text-align-center has-medium-font-size\" id=\"V\u00e9lo\"><strong>Piscine<\/strong><\/p>\n\n\n<div class=\"wp-block-image\">\n<figure class=\"aligncenter size-full\"><img loading=\"lazy\" decoding=\"async\" width=\"892\" height=\"668\" src=\"http:\/\/san-peire-issambres.fr\/wp-content\/uploads\/2025\/03\/piscine.jpg\" alt=\"\" class=\"wp-image-23\" srcset=\"https:\/\/san-peire-issambres.fr\/wp-content\/uploads\/2025\/03\/piscine.jpg 892w, https:\/\/san-peire-issambres.fr\/wp-content\/uploads\/2025\/03\/piscine-300x225.jpg 300w, https:\/\/san-peire-issambres.fr\/wp-content\/uploads\/2025\/03\/piscine-768x575.jpg 768w, https:\/\/san-peire-issambres.fr\/wp-content\/uploads\/2025\/03\/piscine-80x60.jpg 80w\" sizes=\"auto, (max-width: 892px) 100vw, 892px\" \/><\/figure>\n<\/div>\n\n\n<hr>\n\n\n\n\n\n<p class=\"has-text-align-center has-medium-font-size\"><strong>Snack de la Piscine<\/strong><\/p>\n\n\n<div class=\"wp-block-image\">\n<figure class=\"aligncenter size-large\"><img loading=\"lazy\" decoding=\"async\" width=\"1024\" height=\"576\" src=\"http:\/\/san-peire-issambres.fr\/wp-content\/uploads\/2025\/06\/Restaurant-ok-1024x576.jpg\" alt=\"\" class=\"wp-image-87\" srcset=\"https:\/\/san-peire-issambres.fr\/wp-content\/uploads\/2025\/06\/Restaurant-ok-1024x576.jpg 1024w, https:\/\/san-peire-issambres.fr\/wp-content\/uploads\/2025\/06\/Restaurant-ok-300x170.jpg 300w, https:\/\/san-peire-issambres.fr\/wp-content\/uploads\/2025\/06\/Restaurant-ok-768x432.jpg 768w, https:\/\/san-peire-issambres.fr\/wp-content\/uploads\/2025\/06\/Restaurant-ok-1536x864.jpg 1536w, https:\/\/san-peire-issambres.fr\/wp-content\/uploads\/2025\/06\/Restaurant-ok-2048x1152.jpg 2048w, https:\/\/san-peire-issambres.fr\/wp-content\/uploads\/2025\/06\/Restaurant-ok-107x60.jpg 107w\" sizes=\"auto, (max-width: 1024px) 100vw, 1024px\" \/><\/figure>\n<\/div>\n\n\n\n\n\n\n<p class=\"has-text-align-center has-medium-font-size\" id=\"Spa\"><strong>Plage<\/strong><\/p>\n\n\n<div class=\"wp-block-image\">\n<figure class=\"aligncenter size-full\"><img loading=\"lazy\" decoding=\"async\" width=\"1600\" height=\"1200\" src=\"http:\/\/san-peire-issambres.fr\/wp-content\/uploads\/2025\/06\/Plage-des-PEIRAS.jpg\" alt=\"\" class=\"wp-image-93\" srcset=\"https:\/\/san-peire-issambres.fr\/wp-content\/uploads\/2025\/06\/Plage-des-PEIRAS.jpg 1600w, https:\/\/san-peire-issambres.fr\/wp-content\/uploads\/2025\/06\/Plage-des-PEIRAS-300x225.jpg 300w, https:\/\/san-peire-issambres.fr\/wp-content\/uploads\/2025\/06\/Plage-des-PEIRAS-1024x768.jpg 1024w, https:\/\/san-peire-issambres.fr\/wp-content\/uploads\/2025\/06\/Plage-des-PEIRAS-768x576.jpg 768w, https:\/\/san-peire-issambres.fr\/wp-content\/uploads\/2025\/06\/Plage-des-PEIRAS-1536x1152.jpg 1536w, https:\/\/san-peire-issambres.fr\/wp-content\/uploads\/2025\/06\/Plage-des-PEIRAS-80x60.jpg 80w\" sizes=\"auto, (max-width: 1600px) 100vw, 1600px\" \/><figcaption class=\"wp-element-caption\">A 100m de l&#8217;appartement, acc\u00e8s \u00e0 pied direct \u00e0 la plage des Peiras<\/figcaption><\/figure>\n<\/div>\n\n\n\n","protected":false},"excerpt":{"rendered":"<p>Grande Terrasse avec vue panoramique sur la mer S\u00e9jour Cuisine Chambre Parentale Deuxi\u00e8me Chambre 3i\u00e8me Espace Nuit 2 Salles de bains Second WC Un cadre reposant Plan Garage et parking Une place en ext\u00e9rieur et une place en sous-sol (Hauteur maxi 2,00m) Piscine Snack de &hellip; <\/p>\n","protected":false},"author":1,"featured_media":0,"parent":0,"menu_order":0,"comment_status":"closed","ping_status":"closed","template":"","meta":{"footnotes":""},"class_list":["post-59","page","type-page","status-publish","hentry"],"_links":{"self":[{"href":"https:\/\/san-peire-issambres.fr\/index.php?rest_route=\/wp\/v2\/pages\/59","targetHints":{"allow":["GET"]}}],"collection":[{"href":"https:\/\/san-peire-issambres.fr\/index.php?rest_route=\/wp\/v2\/pages"}],"about":[{"href":"https:\/\/san-peire-issambres.fr\/index.php?rest_route=\/wp\/v2\/types\/page"}],"author":[{"embeddable":true,"href":"https:\/\/san-peire-issambres.fr\/index.php?rest_route=\/wp\/v2\/users\/1"}],"replies":[{"embeddable":true,"href":"https:\/\/san-peire-issambres.fr\/index.php?rest_route=%2Fwp%2Fv2%2Fcomments&post=59"}],"version-history":[{"count":10,"href":"https:\/\/san-peire-issambres.fr\/index.php?rest_route=\/wp\/v2\/pages\/59\/revisions"}],"predecessor-version":[{"id":138,"href":"https:\/\/san-peire-issambres.fr\/index.php?rest_route=\/wp\/v2\/pages\/59\/revisions\/138"}],"wp:attachment":[{"href":"https:\/\/san-peire-issambres.fr\/index.php?rest_route=%2Fwp%2Fv2%2Fmedia&parent=59"}],"curies":[{"name":"wp","href":"https:\/\/api.w.org\/{rel}","templated":true}]}}