{"id":72,"date":"2025-04-09T22:54:53","date_gmt":"2025-04-09T20:54:53","guid":{"rendered":"https:\/\/san-peire-issambres.fr\/?page_id=72"},"modified":"2025-06-07T15:52:58","modified_gmt":"2025-06-07T13:52:58","slug":"votre-sejour","status":"publish","type":"page","link":"https:\/\/san-peire-issambres.fr\/?page_id=72","title":{"rendered":"Votre S\u00e9jour"},"content":{"rendered":"\n<p><a href=\"https:\/\/tignes2100.fr\/wp-admin\/edit.php?post_type=page\"><\/a><\/p>\n\n\n\n<h1 class=\"wp-block-heading\">Votre s\u00e9jour<\/h1>\n\n\n\n<p id=\"block-f9c44b86-42b8-49ee-813a-89d0575d6c3f\">Vous trouverez dans cette section quelques informations utiles et quelques conseils pratiques. Cette section est issue de notre retour d\u2019exp\u00e9rience et devrait vous permettre de pr\u00e9parer au mieux votre s\u00e9jour. Certains items vous sembleront certainement \u00e9vident mais comme on dit \u00ab&nbsp; \u00e7a va mieux en le disant&nbsp;\u00bb&nbsp;:)&lt;hr&gt;<\/p>\n\n\n\n<p id=\"block-bd17ead4-d4da-48c4-b01c-6fb35cc1aa88\"><strong>Acc\u00e8s<\/strong>&lt;hr&gt;<\/p>\n\n\n\n<p id=\"block-83d4564d-0c51-4fb2-9495-2e673f43fd3d\"><strong>Accueil<\/strong><\/p>\n\n\n\n<p id=\"block-865f6f36-cbdc-456c-a32d-8b651ba6d23b\">Quelques jours avant votre arriv\u00e9e, la conciergerie prendra contact avec vous pour confirmer votre cr\u00e9neau de check-in et pour \u00e9tudier avec vous les services compl\u00e9mentaires dont vous pourriez avoir besoin \u00e0 votre arriv\u00e9e.<\/p>\n\n\n\n<p id=\"block-4cfe11d1-7b2d-4545-b4f8-42da148c1a02\">Le jour de l\u2019arriv\u00e9e, la conciergerie vous attendra au pied de la r\u00e9sidence et vous guidera dans le garage jusqu\u2019\u00e0 votre place de parking. Elle vous fera visiter la r\u00e9sidence, vous pr\u00e9sentera les sp\u00e9cificit\u00e9s de l\u2019appartement (pour la plupart \u00e9voqu\u00e9es ici), r\u00e9alisera avec vous l\u2019\u00e9tat des lieux, vous remettra les clefs et vous fournira \u00e9ventuellement des services que vous auriez convenu directement avec elle.<\/p>\n\n\n\n<p id=\"block-7bdc52e1-db7e-4e1e-85da-e96abb1980e4\"><strong>Clefs<\/strong><\/p>\n\n\n\n<p id=\"block-13802670-dfc9-4ced-a3ea-e4463329d7a2\">2 trousseaux vous seront remis<\/p>\n\n\n\n<p id=\"block-f89642ca-83eb-4488-899f-8d5860261f0f\">2 clefs de l\u2019appartement<\/p>\n\n\n\n<p id=\"block-b2997c60-eba0-46d6-bb2b-5c74dd069b29\">Code d\u2019acc\u00e8s \u00e0 la r\u00e9sidence (entr\u00e9e piste et accueil)<\/p>\n\n\n\n<p id=\"block-27f6145c-5f42-41f0-ab54-e633151bf0ca\"><\/p>\n\n\n\n<p id=\"block-a4afa47b-2e89-44b5-afd6-90c73e986df8\"><strong>Appartement<\/strong><\/p>\n\n\n\n<p id=\"block-96a5f6d9-6fcd-4396-9bcf-15e155f0c4ba\"><strong>Kit de Bienvenue<\/strong><\/p>\n\n\n\n<ul id=\"block-1cedae93-2007-4cd6-b64d-d6b9037e62ab\" class=\"wp-block-list\">\n<li>1 \u00e9ponge<\/li>\n\n\n\n<li>7 dosettes \u00e0 lave vaisselle<\/li>\n\n\n\n<li>7 sacs poubelle<\/li>\n\n\n\n<li>1 dosette machine \u00e0 laver<\/li>\n\n\n\n<li>1 flacon de liquide vaisselle<\/li>\n\n\n\n<li>Kit caf\u00e9\/th\u00e9<\/li>\n\n\n\n<li>Kit salle de bain<\/li>\n\n\n\n<li><\/li>\n<\/ul>\n\n\n\n<p>&lt;hr&gt;<\/p>\n\n\n\n<p id=\"block-12377174-ae5d-43f7-9202-7b10f09e3820\"><strong>Linge<\/strong><\/p>\n\n\n\n<ul id=\"block-b0673ca8-5d81-4b5c-9cd5-bd8bffc6f55e\" class=\"wp-block-list\">\n<li>Draps<\/li>\n\n\n\n<li>Taies d&#8217;oreillers<\/li>\n\n\n\n<li>Housses de couettes<\/li>\n\n\n\n<li>Serviette de toilette<\/li>\n\n\n\n<li>Serviette de bains<\/li>\n\n\n\n<li>Tapis de SDB<\/li>\n\n\n\n<li>Torchons de cuisine<\/li>\n<\/ul>\n\n\n\n<p>&lt;hr&gt;<\/p>\n\n\n\n<p id=\"block-55189409-c449-40af-b92e-8481ee1afba8\"><strong>Nettoyage \/ Entretien<\/strong><\/p>\n\n\n\n<p id=\"block-09a2fb89-4c0c-471f-a9bb-4504af389085\">Pour votre confort, l\u2019appartement dispose d\u2019un ensemble balai\/seau, ainsi que d\u2019un aspirateur sans fil de qualit\u00e9. Pour lui conserver toute son efficacit\u00e9, nous vous recommandons de le maintenir stationner sur sa base de chargement entre les utilisations. Cela vous \u00e9vitera les chutes accidentelles et entretiendra son autonomie&nbsp;J. Ne pas effectuer la vidange du bac, elle sera effectu\u00e9e \u00e0 votre d\u00e9part par la conciergerie.<\/p>\n\n\n\n<p id=\"block-2a98eabb-8168-4d9d-a440-023e642430f9\"><\/p>\n\n\n\n<p id=\"block-609c9060-2cab-4f67-a4fb-bc42d62b1f95\"><strong>Chauffage<\/strong><\/p>\n\n\n\n<p id=\"block-4dbe500e-b355-45ba-b17f-aedaafd9de02\">L\u2019appartement est \u00e9quip\u00e9 d&#8217;une climatisation r\u00e9versible. Pour pr\u00e9server la plan\u00e8te et vous offrir le maximum d&#8217;efficacit\u00e9, penser \u00e0 fermer les portes et fen\u00eatres si vous utilisez la climatisation \ud83d\ude42<\/p>\n\n\n\n<p id=\"block-b5f67bcf-0b7d-4fd4-a5f8-36dfd9192dba\"><strong>Baie vitr\u00e9e<\/strong><\/p>\n\n\n\n<p id=\"block-cf7d3917-50c4-4573-bcd0-1991fd4bf232\">Le syst\u00e8me d\u2019ouverture et de verrouillage de la baie vitr\u00e9e est actionn\u00e9 par la m\u00eame poign\u00e9e. Attention \u00e0 ne pas vous fermer \u00e0 l&#8217;ext\u00e9rieur&#8230;<\/p>\n\n\n\n<p id=\"block-8ffd7045-90b5-4640-9755-5be49f8d4be7\"><\/p>\n\n\n\n<p id=\"block-29068460-ce8a-4509-bc5e-b975cd0b7beb\"><strong>Cuisine<\/strong><\/p>\n\n\n\n<p id=\"block-bddc7983-e039-45a3-a16f-888017c07a5f\">\ufeff&lt;hr&gt;<\/p>\n\n\n\n<p id=\"block-c5e4dbed-9a56-478e-a69f-274d9df90c7d\"><strong>Au D\u00e9part<\/strong><\/p>\n\n\n\n<p id=\"block-1fef913e-2778-462d-9f82-5b02e1fa0452\">Vous avez pass\u00e9 de superbes vacances et nous en sommes tr\u00e8s heureux. Aussi, pour permettre \u00e0 vos successeurs de vivre la m\u00eame exp\u00e9rience, nous vous remercions de suivre les quelques recommandations \u00e9l\u00e9mentaires suivantes :). Ayez en t\u00eate que nous sommes tous le successeur d&#8217;un autre, que le travail suppl\u00e9mentaire sera factur\u00e9 mais que cela retardera probablement l&#8217;entr\u00e9e des lieux de votre successeur qui aura peut-\u00eatre h\u00e2te de se d\u00e9tendre apr\u00e8s 10h de route&#8230; \ud83d\ude42<\/p>\n\n\n\n<p id=\"block-b00a239d-0ba4-4eb5-8be0-dcc6df46b9f5\"><strong>Linge<\/strong><\/p>\n\n\n\n<p id=\"block-97dbbbd0-cc33-4b91-b916-8ef50b2ca871\">Les lits doivent \u00eatre d\u00e9faits (l&#8217;al\u00e8se reste en place) et l&#8217;ensemble du linge fournit, dont torchons et serviettes, est \u00e0 mettre dans la baignoire.<\/p>\n\n\n\n<p id=\"block-5f12953c-0448-4686-a787-33c73a7a197c\">Les couettes et oreillers restent sur les lits<\/p>\n\n\n\n<p id=\"block-00a0b208-d6d4-4037-9a21-ebd06075e5a2\"><strong>Cuisine<\/strong><\/p>\n\n\n\n<ul id=\"block-5e70c9eb-57d7-40bc-ac09-2307ecc3a684\" class=\"wp-block-list\">\n<li>Poubelle vid\u00e9e<\/li>\n\n\n\n<li>Frigo d\u00e9givr\u00e9 et \u00e9teint<\/li>\n\n\n\n<li>Lave vaisselle vid\u00e9<\/li>\n\n\n\n<li>Vaisselle rang\u00e9e \u00e0 l&#8217;identique<\/li>\n<\/ul>\n\n\n\n<p id=\"block-5a1528c8-e5b6-4063-8df6-69357f40d90c\"><strong>Dysfonctionnement &amp; Casse<\/strong><\/p>\n\n\n\n<p id=\"block-1c3ed337-84a4-44dd-aaba-b74ef1f88c7c\">Notre partenaire &#8220;les clefs du Sud&#8221; et nous m\u00eame nous effor\u00e7ons d&#8217;anticiper au mieux les \u00e9ventuels dysfonctionnement par remplacement anticip\u00e9 et entretien pr\u00e9ventif. Toutefois, nous ne sommes pas \u00e0 l&#8217;abri de l&#8217;impr\u00e9vu. De m\u00eame, nous savons que vous \u00eates pr\u00e9cautionneux et que vous prendrez le plus grand soin de l&#8217;appartement et du mat\u00e9riel mis \u00e0 votre disposition, mais que tout le monde peut avoir un moment d&#8217;inattention.<\/p>\n\n\n\n<p id=\"block-a156b6a4-4372-4721-86ef-466fbf11d4d1\">C&#8217;est pourquoi nous vous demandons de pr\u00e9venir le plus rapidement possible la conciergerie. Tr\u00e8s r\u00e9active, elle pourra dans le meilleur des cas r\u00e9soudre votre souci dans la journ\u00e9e. Si besoin, elle organisera l&#8217;intervention d&#8217;un artisan qualifi\u00e9 ou pr\u00e9voira le remplacement du bien endommag\u00e9 pour l&#8217;arriv\u00e9e de votre successeur.<\/p>\n\n\n\n<p id=\"block-c56dc51b-27eb-477a-8615-2666fbfd59ee\"><strong>D\u00e9part<\/strong><\/p>\n\n\n\n<p id=\"block-465e240f-165c-484c-b290-f0b8e3b3df33\">V\u00e9rifiez que vous n\u2019avez oubli\u00e9 aucun de vos effets personnels (tiroirs de la table basse, meuble TV, placards de chambre, SDB, sous la table ou sous les lits, casier \u00e0 ski, etc\u2026).<\/p>\n\n\n\n<p id=\"block-4671e432-9e82-4348-8469-a83cefb12ad3\">Ne laissez pas vos consommables entam\u00e9s. M\u00eame si la d\u00e9marche est altruiste, cela g\u00eane le travail de la conciergerie et n\u2019est dans la majorit\u00e9 des cas pas utilis\u00e9 par les nouveaux arrivants.<\/p>\n\n\n\n<p id=\"block-e29e26c0-6c64-4616-9bc4-551010714a5f\">V\u00e9rifiez que vous n\u2019avez pas d\u2019effets en trop dans vos bagages et que tout ce qui \u00e9tait pr\u00e9sent \u00e0 votre arriv\u00e9e dans l\u2019appartement l\u2019est toujours au d\u00e9part&nbsp;J.<\/p>\n\n\n\n<p id=\"block-71b6098a-4aa0-4d55-8aba-25e758c9c696\"><strong>TV<\/strong><\/p>\n\n\n\n<p id=\"block-7d4f04f4-9e5b-47b5-9866-8fd5bd24e43f\">Merci de laisser la t\u00e9l\u00e9commande devant la t\u00e9l\u00e9vision&lt;hr&gt;<\/p>\n\n\n\n<p id=\"block-30a6e622-777c-46a5-9c90-cf967d23a343\"><\/p>\n\n\n\n<p id=\"block-6c293724-3ffc-43e7-96d1-cd897228cd3a\"><strong>Conditions<\/strong> <strong>G\u00e9n\u00e9rales<\/strong><\/p>\n\n\n\n<ol id=\"block-568890b2-f459-4f07-b247-18308d39a48f\" class=\"wp-block-list\">\n<li>N\u2019occuper les lieux que bourgeoisement, l\u2019exercice de tout commerce, profession ou industrie \u00e9tant formellement interdit, le locataire reconnaissant que les locaux faisant l\u2019objet du pr\u00e9sent contrat ne lui sont lou\u00e9s qu\u2019\u00e0 titre de r\u00e9sidence provisoire et de plaisance ;<\/li>\n\n\n\n<li>Respecter la capacit\u00e9 d\u2019accueil de l\u2019habitation ;<\/li>\n\n\n\n<li>Respecter la destination de l\u2019habitation et \u00e0 n\u2019apporter aucune modification d\u2019agencement des meubles et des lieux ;<\/li>\n\n\n\n<li>Ne pouvoir se substituer quelque personne que ce soit, ni sous-louer, en totalit\u00e9 ou partiellement, m\u00eame gratuitement les lieux lou\u00e9s&nbsp;;<\/li>\n\n\n\n<li>\u00catre assur\u00e9 contre les risques locatifs, vol, incendie, d\u00e9g\u00e2ts des eaux et les recours des voisins et faire assurer le mobilier donn\u00e9 en location (soit \u00e0 travers son propre contrat d\u2019assurance couvrant les risques de la location saisonni\u00e8re, soit en souscrivant une police d\u2019assurance particuli\u00e8re pour toute la dur\u00e9e de la location). Dans tous les cas, le loueur, transmettra par voie informatique au plus tard 8 jours avant son arriv\u00e9e un justificatif d\u2019assurance vill\u00e9giature.<\/li>\n\n\n\n<li>S\u2019abstenir de jeter dans les lavabos, baignoires, bidets, \u00e9viers des objets de nature \u00e0 obstruer les canalisations, faute de quoi il sera redevable des frais occasionn\u00e9s pour la remise en service de ces \u00e9quipements ;<\/li>\n\n\n\n<li>Effectuer toute r\u00e9clamation document\u00e9e et \u00e9crite, concernant les installations dans les 48 h suivant l\u2019entr\u00e9e dans le logement aupr\u00e8s du repr\u00e9sentant du bailleur. Dans le cas contraire, elle ne pourra \u00eatre admise ;<\/li>\n\n\n\n<li>Avertir le bailleur dans les plus brefs d\u00e9lais de tout d\u00e9g\u00e2t affectant l\u2019habitation, son mobilier ou ses \u00e9quipements. Les r\u00e9parations rendues n\u00e9cessaires par la n\u00e9gligence ou le mauvais entretien en cours de location, seront \u00e0 la charge du locataire ;<\/li>\n\n\n\n<li>Autoriser le Bailleur, ou tout tiers mandat\u00e9 par lui \u00e0 cet effet, \u00e0 effectuer, pendant la dur\u00e9e de la location, toute r\u00e9paration command\u00e9e par l\u2019urgence. Le Locataire ne pourra r\u00e9clamer aucune r\u00e9duction de loyer au cas o\u00f9 des r\u00e9parations urgentes incombant au bailleur appara\u00eetraient en cours de location ;<\/li>\n\n\n\n<li>Eviter tout bruit ou comportement, de son fait, du fait de sa famille ou du fait de ses relations, de nature \u00e0 troubler les voisins ;<\/li>\n\n\n\n<li>Respecter, en cas de location dans un immeuble collectif, le r\u00e8glement de copropri\u00e9t\u00e9 et\/ou le r\u00e8glement int\u00e9rieur de l\u2019immeuble qui lui aura \u00e9t\u00e9 communiqu\u00e9 par le bailleur (consultable en ligne au www.tignes 2100.fr) ou son repr\u00e9sentant par voie d\u2019affichage ;<\/li>\n\n\n\n<li>Accepter la visite des locaux si le bailleur ou son repr\u00e9sentant en font la demande ;<\/li>\n\n\n\n<li>Renoncer \u00e0 tout recours contre le bailleur en cas de vol et d\u00e9pr\u00e9dations dans les lieux lou\u00e9s ;<\/li>\n\n\n\n<li>Entretenir le logement lou\u00e9 et le restituer en bon \u00e9tat de propret\u00e9 et de r\u00e9parations locatives en fin de location. Si des objets figurant \u00e0 l\u2019inventaire sont endommag\u00e9s, le bailleur pourra r\u00e9clamer leur valeur de remplacement.<\/li>\n<\/ol>\n\n\n\n<p id=\"block-04540b68-1412-4b4b-800a-cc56ea9da3a1\"><\/p>\n\n\n\n<p id=\"block-dc999538-3b43-4d20-a65e-e11e5bdcce7d\"><strong>Politique de Remboursement<\/strong><\/p>\n\n\n\n<p id=\"block-914a4d62-b3ad-425e-926a-9fa17a336728\">En cas de demande de remboursement, le loueur informera le bailleur par mail et lui transmettra une demande \u00e9crite par voie postale en recommand\u00e9 avec A\/R. Les remboursements suivant pourront \u00eatre consentis&nbsp;:<\/p>\n\n\n\n<ul id=\"block-05beb078-157e-44dc-9278-2cbd2de0c3bc\" class=\"wp-block-list\">\n<li>100% des versements re\u00e7us, pour une demande d\u2019annulation re\u00e7ue au moins 60 jours avant l\u2019arriv\u00e9e pr\u00e9vue au pr\u00e9sent contrat (hors offres sp\u00e9ciales type \u00ab&nbsp;EARLY BOOKING&nbsp;\u00bb.<\/li>\n\n\n\n<li>100% du solde, pour une demande d\u2019annulation re\u00e7ue au moins 29 jours avant l\u2019arriv\u00e9e pr\u00e9vue au pr\u00e9sent contrat&nbsp;; l\u2019acompte vers\u00e9 restant d\u00fb.<\/li>\n\n\n\n<li>50% du solde, pour une demande d\u2019annulation re\u00e7ue au moins 15 jours avant l\u2019arriv\u00e9e pr\u00e9vue au pr\u00e9sent contrat&nbsp;; l\u2019acompte vers\u00e9 restant d\u00fb.<\/li>\n\n\n\n<li>En de\u00e7\u00e0 de 14 jours, aucun remboursement ne sera effectu\u00e9.<\/li>\n\n\n\n<li>En cas de r\u00e9servation \u00e0 moins de 60 jours,<\/li>\n<\/ul>\n\n\n\n<p id=\"block-2fa3fa9e-004f-4354-b237-c813a3b7235e\"><\/p>\n\n\n\n<h2 class=\"wp-block-heading\"><\/h2>\n\n\n\n<p>Visibilit\u00e9<\/p>\n\n\n\n<p>PublierAuteur\/autrice<\/p>\n\n\n\n<h2 class=\"wp-block-heading\"><\/h2>\n\n\n\n<p><a href=\"https:\/\/tignes2100.fr\/wp-admin\/revision.php?revision=986&amp;gutenberg=true\"><\/a><\/p>\n\n\n\n<p><a href=\"https:\/\/tignes2100.fr\/wp-admin\/revision.php?revision=986&amp;gutenberg=true\">21 r\u00e9visions<\/a><\/p>\n\n\n\n<h2 class=\"wp-block-heading\"><\/h2>\n\n\n\n<h2 class=\"wp-block-heading\"><\/h2>\n\n\n\n<h2 class=\"wp-block-heading\"><\/h2>\n\n\n\n<h2 class=\"wp-block-heading\"><\/h2>\n\n\n\n<ul class=\"wp-block-list\">\n<li>Page<\/li>\n<\/ul>\n","protected":false},"excerpt":{"rendered":"<p>Votre s\u00e9jour Vous trouverez dans cette section quelques informations utiles et quelques conseils pratiques. Cette section est issue de notre retour d\u2019exp\u00e9rience et devrait vous permettre de pr\u00e9parer au mieux votre s\u00e9jour. Certains items vous sembleront certainement \u00e9vident mais comme on dit \u00ab&nbsp; \u00e7a va &hellip; <\/p>\n","protected":false},"author":1,"featured_media":0,"parent":0,"menu_order":0,"comment_status":"closed","ping_status":"closed","template":"","meta":{"footnotes":""},"class_list":["post-72","page","type-page","status-publish","hentry"],"_links":{"self":[{"href":"https:\/\/san-peire-issambres.fr\/index.php?rest_route=\/wp\/v2\/pages\/72","targetHints":{"allow":["GET"]}}],"collection":[{"href":"https:\/\/san-peire-issambres.fr\/index.php?rest_route=\/wp\/v2\/pages"}],"about":[{"href":"https:\/\/san-peire-issambres.fr\/index.php?rest_route=\/wp\/v2\/types\/page"}],"author":[{"embeddable":true,"href":"https:\/\/san-peire-issambres.fr\/index.php?rest_route=\/wp\/v2\/users\/1"}],"replies":[{"embeddable":true,"href":"https:\/\/san-peire-issambres.fr\/index.php?rest_route=%2Fwp%2Fv2%2Fcomments&post=72"}],"version-history":[{"count":2,"href":"https:\/\/san-peire-issambres.fr\/index.php?rest_route=\/wp\/v2\/pages\/72\/revisions"}],"predecessor-version":[{"id":144,"href":"https:\/\/san-peire-issambres.fr\/index.php?rest_route=\/wp\/v2\/pages\/72\/revisions\/144"}],"wp:attachment":[{"href":"https:\/\/san-peire-issambres.fr\/index.php?rest_route=%2Fwp%2Fv2%2Fmedia&parent=72"}],"curies":[{"name":"wp","href":"https:\/\/api.w.org\/{rel}","templated":true}]}}